{"id":5759,"date":"2023-07-17T15:48:24","date_gmt":"2023-07-17T08:48:24","guid":{"rendered":"http:\/\/demo1.bdstanlong.vn\/vi\/?page_id=5759"},"modified":"2023-07-17T15:48:24","modified_gmt":"2023-07-17T08:48:24","slug":"tien-do-thanh-toan-hdi-tower-55-le-dai-hanh","status":"publish","type":"page","link":"https:\/\/vinhomesskylake.bdstanlong.vn\/vi\/tien-do-thanh-toan-hdi-tower-55-le-dai-hanh.html","title":{"rendered":"Ti\u1ebfn \u0111\u1ed9 thanh to\u00e1n HDI Tower 55 L\u00ea \u0110\u1ea1i H\u00e0nh"},"content":{"rendered":"<h1><strong>TI\u1ebeN \u0110\u1ed8 THANH TO\u00c1N<\/strong><\/h1>\n<hr \/>\n<p>&nbsp;<\/p>\n<p>&nbsp;<\/p>\n<p>C\u1eadp nh\u1eadt ti\u1ebfn \u0111\u1ed9 thanh to\u00e1n d\u1ef1 \u00e1n HDI Tower 55 L\u00ea \u0110\u1ea1i H\u00e0nh<\/p>\n<h2><img decoding=\"async\" src=\"https:\/\/vinhomesskylake.bdstanlong.vn\/images\/users\/images\/HDI-tien-do-thanh-toan.jpg_tmp.jpg\" alt=\"tien-do-thanh-toan-du-an-hdi-tower-55-le-dai-hanh\" \/><\/h2>\n","protected":false},"excerpt":{"rendered":"<p>TI\u1ebeN \u0110\u1ed8 THANH TO\u00c1N &nbsp; &nbsp; C\u1eadp nh\u1eadt ti\u1ebfn \u0111\u1ed9 thanh to\u00e1n d\u1ef1 \u00e1n HDI Tower 55 L\u00ea \u0110\u1ea1i H\u00e0nh<\/p>\n","protected":false},"author":5,"featured_media":0,"parent":0,"menu_order":0,"comment_status":"closed","ping_status":"closed","template":"","meta":[],"_links":{"self":[{"href":"https:\/\/vinhomesskylake.bdstanlong.vn\/vi\/wp-json\/wp\/v2\/pages\/5759"}],"collection":[{"href":"https:\/\/vinhomesskylake.bdstanlong.vn\/vi\/wp-json\/wp\/v2\/pages"}],"about":[{"href":"https:\/\/vinhomesskylake.bdstanlong.vn\/vi\/wp-json\/wp\/v2\/types\/page"}],"author":[{"embeddable":true,"href":"https:\/\/vinhomesskylake.bdstanlong.vn\/vi\/wp-json\/wp\/v2\/users\/5"}],"replies":[{"embeddable":true,"href":"https:\/\/vinhomesskylake.bdstanlong.vn\/vi\/wp-json\/wp\/v2\/comments?post=5759"}],"version-history":[{"count":1,"href":"https:\/\/vinhomesskylake.bdstanlong.vn\/vi\/wp-json\/wp\/v2\/pages\/5759\/revisions"}],"predecessor-version":[{"id":5760,"href":"https:\/\/vinhomesskylake.bdstanlong.vn\/vi\/wp-json\/wp\/v2\/pages\/5759\/revisions\/5760"}],"wp:attachment":[{"href":"https:\/\/vinhomesskylake.bdstanlong.vn\/vi\/wp-json\/wp\/v2\/media?parent=5759"}],"curies":[{"name":"wp","href":"https:\/\/api.w.org\/{rel}","templated":true}]}}