{"id":5756,"date":"2023-07-17T15:47:16","date_gmt":"2023-07-17T08:47:16","guid":{"rendered":"http:\/\/demo1.bdstanlong.vn\/vi\/?page_id=5756"},"modified":"2023-07-17T15:47:48","modified_gmt":"2023-07-17T08:47:48","slug":"chinh-sach-ban-hang-hdi-tower","status":"publish","type":"page","link":"https:\/\/vinhomesskylake.bdstanlong.vn\/vi\/chinh-sach-ban-hang-hdi-tower.html","title":{"rendered":"Ch\u00ednh s\u00e1ch b\u00e1n h\u00e0ng HDI Tower"},"content":{"rendered":"<p><strong>CH\u00cdNH S\u00c1CH B\u00c1N H\u00c0NG<\/strong><\/p>\n<hr \/>\n<p><img decoding=\"async\" src=\"https:\/\/vinhomesskylake.bdstanlong.vn\/images\/users\/images\/hdi-tower-55-le-dai-hanh-chinh-sach-ban-hang.jpg_tmp.jpg\" alt=\"hdi-tower-55-le-dai-hanh-chinh-sach-ban-hang\" \/><\/p>\n<p>&nbsp;<\/p>\n<p>&nbsp;<\/p>\n<p>&nbsp;<\/p>\n","protected":false},"excerpt":{"rendered":"<p>CH\u00cdNH S\u00c1CH B\u00c1N H\u00c0NG &nbsp; &nbsp; &nbsp;<\/p>\n","protected":false},"author":5,"featured_media":0,"parent":0,"menu_order":0,"comment_status":"closed","ping_status":"closed","template":"","meta":[],"_links":{"self":[{"href":"https:\/\/vinhomesskylake.bdstanlong.vn\/vi\/wp-json\/wp\/v2\/pages\/5756"}],"collection":[{"href":"https:\/\/vinhomesskylake.bdstanlong.vn\/vi\/wp-json\/wp\/v2\/pages"}],"about":[{"href":"https:\/\/vinhomesskylake.bdstanlong.vn\/vi\/wp-json\/wp\/v2\/types\/page"}],"author":[{"embeddable":true,"href":"https:\/\/vinhomesskylake.bdstanlong.vn\/vi\/wp-json\/wp\/v2\/users\/5"}],"replies":[{"embeddable":true,"href":"https:\/\/vinhomesskylake.bdstanlong.vn\/vi\/wp-json\/wp\/v2\/comments?post=5756"}],"version-history":[{"count":2,"href":"https:\/\/vinhomesskylake.bdstanlong.vn\/vi\/wp-json\/wp\/v2\/pages\/5756\/revisions"}],"predecessor-version":[{"id":5758,"href":"https:\/\/vinhomesskylake.bdstanlong.vn\/vi\/wp-json\/wp\/v2\/pages\/5756\/revisions\/5758"}],"wp:attachment":[{"href":"https:\/\/vinhomesskylake.bdstanlong.vn\/vi\/wp-json\/wp\/v2\/media?parent=5756"}],"curies":[{"name":"wp","href":"https:\/\/api.w.org\/{rel}","templated":true}]}}