{"id":5754,"date":"2023-07-17T15:46:13","date_gmt":"2023-07-17T08:46:13","guid":{"rendered":"http:\/\/demo1.bdstanlong.vn\/vi\/?page_id=5754"},"modified":"2023-07-17T15:46:13","modified_gmt":"2023-07-17T08:46:13","slug":"bang-gia-hdi-tower-55-le-dai-hanh","status":"publish","type":"page","link":"https:\/\/vinhomesskylake.bdstanlong.vn\/vi\/bang-gia-hdi-tower-55-le-dai-hanh.html","title":{"rendered":"B\u1ea3ng gi\u00e1 HDI Tower 55 L\u00ea \u0110\u1ea1i H\u00e0nh"},"content":{"rendered":"<h1><strong>B\u1ea2NG GI\u00c1 D\u1ef0 \u00c1N HDI TOWER 55 L\u00ca \u0110\u1ea0I H\u00c0NH<\/strong><\/h1>\n<hr \/>\n<p><img decoding=\"async\" src=\"https:\/\/vinhomesskylake.bdstanlong.vn\/images\/users\/images\/HDI-01.jpg_tmp.jpg\" alt=\"du-an-hdi-tower-55-le-dai-hanh\" \/><\/p>\n<p>&nbsp;<\/p>\n<p><em>\u0110ang C\u1eadp Nh\u1eadt<\/em><\/p>\n<p>&nbsp;<\/p>\n<p><em><img decoding=\"async\" src=\"https:\/\/vinhomesskylake.bdstanlong.vn\/images\/users\/images\/hdi-tower-55-le-dai-hanh(1).jpg_tmp.jpg\" alt=\"hdi-tower-55-le-dai-hanh-bang-gia\" \/><\/em><\/p>\n<p>&nbsp;<\/p>\n<p><strong><em>(*) H\u00e3y Li\u00ean L\u1ea1c V\u1edbi B\u1ed9 Ph\u1eadn B\u00e1n H\u00e0ng \u0110\u1ec3 C\u1eadp NH\u1eadt B\u1ea3ng H\u00e0ng<\/em><\/strong><\/p>\n","protected":false},"excerpt":{"rendered":"<p>B\u1ea2NG GI\u00c1 D\u1ef0 \u00c1N HDI TOWER 55 L\u00ca \u0110\u1ea0I H\u00c0NH &nbsp; \u0110ang C\u1eadp Nh\u1eadt &nbsp; &nbsp; (*) H\u00e3y Li\u00ean L\u1ea1c V\u1edbi B\u1ed9 Ph\u1eadn B\u00e1n H\u00e0ng \u0110\u1ec3 C\u1eadp NH\u1eadt B\u1ea3ng H\u00e0ng<\/p>\n","protected":false},"author":5,"featured_media":0,"parent":0,"menu_order":0,"comment_status":"closed","ping_status":"closed","template":"","meta":[],"_links":{"self":[{"href":"https:\/\/vinhomesskylake.bdstanlong.vn\/vi\/wp-json\/wp\/v2\/pages\/5754"}],"collection":[{"href":"https:\/\/vinhomesskylake.bdstanlong.vn\/vi\/wp-json\/wp\/v2\/pages"}],"about":[{"href":"https:\/\/vinhomesskylake.bdstanlong.vn\/vi\/wp-json\/wp\/v2\/types\/page"}],"author":[{"embeddable":true,"href":"https:\/\/vinhomesskylake.bdstanlong.vn\/vi\/wp-json\/wp\/v2\/users\/5"}],"replies":[{"embeddable":true,"href":"https:\/\/vinhomesskylake.bdstanlong.vn\/vi\/wp-json\/wp\/v2\/comments?post=5754"}],"version-history":[{"count":1,"href":"https:\/\/vinhomesskylake.bdstanlong.vn\/vi\/wp-json\/wp\/v2\/pages\/5754\/revisions"}],"predecessor-version":[{"id":5755,"href":"https:\/\/vinhomesskylake.bdstanlong.vn\/vi\/wp-json\/wp\/v2\/pages\/5754\/revisions\/5755"}],"wp:attachment":[{"href":"https:\/\/vinhomesskylake.bdstanlong.vn\/vi\/wp-json\/wp\/v2\/media?parent=5754"}],"curies":[{"name":"wp","href":"https:\/\/api.w.org\/{rel}","templated":true}]}}