{"id":5752,"date":"2023-07-17T15:44:57","date_gmt":"2023-07-17T08:44:57","guid":{"rendered":"http:\/\/demo1.bdstanlong.vn\/vi\/?page_id=5752"},"modified":"2023-07-17T15:44:57","modified_gmt":"2023-07-17T08:44:57","slug":"tien-ich-hdi-tower-55-le-dai-hanh","status":"publish","type":"page","link":"https:\/\/vinhomesskylake.bdstanlong.vn\/vi\/tien-ich-hdi-tower-55-le-dai-hanh.html","title":{"rendered":"Ti\u1ec7n \u00edch HDI Tower 55 L\u00ea \u0110\u1ea1i H\u00e0nh"},"content":{"rendered":"<h1><strong>TI\u1ec6N \u00cdCH HDI TOWER &#8211; 55 L\u00ca \u0110\u1ea0I H\u00c0NH<\/strong><\/h1>\n<p><img decoding=\"async\" src=\"https:\/\/vinhomesskylake.bdstanlong.vn\/images\/users\/images\/HDI-tower-tien-ich.jpg_tmp.jpg\" alt=\"tien-ich-can-ho-du-an-hdi-tower-55-le-dai-hanh\" \/><\/p>\n<h1><\/h1>\n<div><strong>D\u1ef1 \u00e1n HDI Tower<\/strong>\u00a0t\u1ecda l\u1ea1c t\u1ea1i v\u1ecb tr\u00ed trung t\u00e2m c\u1ee7a th\u00e0nh ph\u1ed1, k\u1ebft n\u1ed1i c\u1ef1c k\u1ef3 d\u1ec5 d\u00e0ng \u0111\u1ebfn v\u1edbi c\u00e1c ti\u1ec7n \u00edch s\u1eb5n c\u00f3 xung quanh.<\/div>\n<div>\u0110\u00f3 l\u00e0 H\u1ed3 B\u1ea3y M\u1eabu, C\u00f4ng vi\u00ean Lenin l\u00e0 \u0111\u1ecba \u0111i\u1ec3m thu h\u00fat nhi\u1ec1u c\u01b0 d\u00e2n H\u00e0 n\u1ed9i t\u1eadp trung \u0111\u1ebfn \u0111\u00e2y \u0111\u1ec3 giao l\u01b0u, t\u1ed5 ch\u1ee9c ho\u1ea1t \u0111\u1ed9ng ngo\u00e0i tr\u1eddi.<\/div>\n<div>T\u1eeb\u00a0<strong>HDI Tower<\/strong>\u00a0c\u0169ng d\u1ec5 d\u00e0ng k\u1ebft n\u1ed1i v\u00e0 khu v\u1ef1c ph\u1ed1 c\u1ed5, trung t\u00e2m th\u01b0\u01a1ng m\u1ea1i Vincom B\u00e0 Tri\u1ec7u.<\/div>\n<div><\/div>\n<h2><img decoding=\"async\" src=\"https:\/\/vinhomesskylake.bdstanlong.vn\/images\/users\/images\/HDI-tien-ich.PNG_tmp.PNG\" alt=\"tien-ich-can-ho-du-an-hdi-tower-55-le-dai-hanh\" \/><\/h2>\n<div><em>Chu\u1ed7i Ti\u1ec7n \u00cdch N\u1ed9i Khu d\u1ef1 \u00e1n HDI Tower 55 L\u00ea \u0110\u1ea1i H\u00e0nh<\/em><\/div>\n<div><\/div>\n<div><\/div>\n<div>Ngo\u00e0i ra, ti\u1ec7n \u00edch n\u1ed9i khu c\u1ee7a d\u1ef1 \u00e1n bao g\u1ed3m:<\/div>\n<div>&#8211;\u00a0\u00a0Trung t\u00e2m th\u01b0\u01a1ng m\u1ea1i: \u0110\u01b0\u1ee3c b\u1ed1 tr\u00ed t\u1eeb t\u1ea7ng 1 \u0111\u1ebfn t\u1ea7ng 5 t\u00f2a nh\u00e0. S\u1ea3n ph\u1ea9m s\u1ebd l\u00e0 nh\u1eefng th\u01b0\u01a1ng hi\u1ec7u n\u1ed5i ti\u1ebfng tr\u00ean th\u1ebf gi\u1edbi \u0111\u1ec3 \u0111\u00e1p \u1ee9ng \u0111\u01b0\u1ee3c m\u1ee9c mua s\u1eafm v\u00e0 y\u00eau c\u1ea7u ch\u1ea5t l\u01b0\u1ee3ng c\u1ee7a c\u01b0 d\u00e2n h\u1ea1ng sang.<\/div>\n<div>&#8211; B\u1ec3 b\u01a1i 4 m\u00f9a, \u0111\u01b0\u1ee3c x\u1eed l\u00fd v\u00e0 ki\u1ec3m so\u00e1t b\u1eb1ng c\u00f4ng ngh\u1ec7 cao. Lu\u00f4n an to\u00e0n.<\/div>\n<div>&#8211; \u0110i\u1ec3m \u0111\u1eb7c bi\u1ec7t trong chu\u1ed7i ti\u1ec7n \u00edch c\u1ee7a d\u1ef1 \u00e1n l\u00e0 khu v\u01b0\u1eddn treo tr\u00ean t\u1ea7ng m\u00e1i. \u0110\u00e2y l\u00e0 xu h\u01b0\u1edbng m\u1edbi trong thi\u1ebft k\u1ebf c\u0103n h\u1ed9 m\u00e0 ch\u1ee7 \u0111\u1ea7u t\u01b0 \u0111ang \u0111\u00f3n \u0111\u1ea7u.<\/div>\n<div>&#8211; D\u1ef1 \u00e1n c\u00f3 3 t\u1ea7ng h\u1ea7m, \u00e1p d\u1ee5ng ch\u1ebf \u0111\u1ed9 \u0111\u1ed7 xe th\u00f4ng minh.<\/div>\n<div><\/div>\n","protected":false},"excerpt":{"rendered":"<p>TI\u1ec6N \u00cdCH HDI TOWER &#8211; 55 L\u00ca \u0110\u1ea0I H\u00c0NH D\u1ef1 \u00e1n HDI Tower\u00a0t\u1ecda l\u1ea1c t\u1ea1i v\u1ecb tr\u00ed trung t\u00e2m c\u1ee7a th\u00e0nh ph\u1ed1, k\u1ebft n\u1ed1i c\u1ef1c k\u1ef3 d\u1ec5 d\u00e0ng \u0111\u1ebfn v\u1edbi c\u00e1c ti\u1ec7n \u00edch s\u1eb5n c\u00f3 xung quanh. \u0110\u00f3 l\u00e0 H\u1ed3 B\u1ea3y M\u1eabu, C\u00f4ng vi\u00ean Lenin l\u00e0 \u0111\u1ecba \u0111i\u1ec3m thu h\u00fat nhi\u1ec1u c\u01b0 d\u00e2n H\u00e0 n\u1ed9i&#8230;<\/p>\n","protected":false},"author":5,"featured_media":0,"parent":0,"menu_order":0,"comment_status":"closed","ping_status":"closed","template":"","meta":[],"_links":{"self":[{"href":"https:\/\/vinhomesskylake.bdstanlong.vn\/vi\/wp-json\/wp\/v2\/pages\/5752"}],"collection":[{"href":"https:\/\/vinhomesskylake.bdstanlong.vn\/vi\/wp-json\/wp\/v2\/pages"}],"about":[{"href":"https:\/\/vinhomesskylake.bdstanlong.vn\/vi\/wp-json\/wp\/v2\/types\/page"}],"author":[{"embeddable":true,"href":"https:\/\/vinhomesskylake.bdstanlong.vn\/vi\/wp-json\/wp\/v2\/users\/5"}],"replies":[{"embeddable":true,"href":"https:\/\/vinhomesskylake.bdstanlong.vn\/vi\/wp-json\/wp\/v2\/comments?post=5752"}],"version-history":[{"count":1,"href":"https:\/\/vinhomesskylake.bdstanlong.vn\/vi\/wp-json\/wp\/v2\/pages\/5752\/revisions"}],"predecessor-version":[{"id":5753,"href":"https:\/\/vinhomesskylake.bdstanlong.vn\/vi\/wp-json\/wp\/v2\/pages\/5752\/revisions\/5753"}],"wp:attachment":[{"href":"https:\/\/vinhomesskylake.bdstanlong.vn\/vi\/wp-json\/wp\/v2\/media?parent=5752"}],"curies":[{"name":"wp","href":"https:\/\/api.w.org\/{rel}","templated":true}]}}