{"id":5749,"date":"2023-07-17T15:43:45","date_gmt":"2023-07-17T08:43:45","guid":{"rendered":"http:\/\/demo1.bdstanlong.vn\/vi\/?page_id=5749"},"modified":"2023-07-17T15:43:45","modified_gmt":"2023-07-17T08:43:45","slug":"mat-bang-hdi-tower-55-le-dai-hanh","status":"publish","type":"page","link":"https:\/\/vinhomesskylake.bdstanlong.vn\/vi\/mat-bang-hdi-tower-55-le-dai-hanh.html","title":{"rendered":"M\u1eb7t b\u1eb1ng HDI Tower 55 L\u00ea \u0110\u1ea1i H\u00e0nh"},"content":{"rendered":"<h1><strong>M\u1eb6T B\u1eb0NG C\u0102N H\u1ed8 HDI TOWER<\/strong><\/h1>\n<p>&nbsp;<\/p>\n<p><img decoding=\"async\" src=\"https:\/\/vinhomesskylake.bdstanlong.vn\/images\/users\/images\/HDI-mat%20bang%20dien%20hinh.jpg_tmp.jpg\" alt=\"HDI-tower-55-le-dai-hanh-mat-bang-dien-hinh\" \/><\/p>\n<h2><u><strong>C\u0103\u200bn A1<\/strong><\/u><\/h2>\n<p>&nbsp;<\/p>\n<p><img decoding=\"async\" src=\"https:\/\/vinhomesskylake.bdstanlong.vn\/images\/users\/images\/HDI-tower-mat%20bang-01.jpg_tmp.jpg\" alt=\"mat-bang-du-an-hdi-tower-55-le-dai-hanh\" \/><\/p>\n<p>&nbsp;<\/p>\n<h3><u><strong>C\u0103n A2<\/strong><\/u><\/h3>\n<p>&nbsp;<\/p>\n<p><img decoding=\"async\" src=\"https:\/\/vinhomesskylake.bdstanlong.vn\/images\/users\/images\/HDI-tower-mat%20bang-02.jpg_tmp.jpg\" alt=\"mat-bang-du-an-hdi-tower-55-le-dai-hanh\" \/><\/p>\n<p>&nbsp;<\/p>\n<h4><u><strong>C\u0103n A3<\/strong><\/u><\/h4>\n<p>&nbsp;<\/p>\n<p><img decoding=\"async\" src=\"https:\/\/vinhomesskylake.bdstanlong.vn\/images\/users\/images\/HDI-tower-mat%20bang-03.jpg_tmp.jpg\" alt=\"mat-bang-du-an-hdi-tower-55-le-dai-hanh\" \/><\/p>\n<p>&nbsp;<\/p>\n<h5><u><strong>C\u0103n A4<\/strong><\/u><\/h5>\n<p>&nbsp;<\/p>\n<p><img decoding=\"async\" src=\"https:\/\/vinhomesskylake.bdstanlong.vn\/images\/users\/images\/HDI-tower-mat%20bang-04.jpg_tmp.jpg\" alt=\"mat-bang-du-an-hdi-tower-55-le-dai-hanh\" \/><\/p>\n<p>&nbsp;<\/p>\n<p><u><strong>C\u0103n A5<\/strong><\/u><\/p>\n<p>&nbsp;<\/p>\n<p><img decoding=\"async\" src=\"https:\/\/vinhomesskylake.bdstanlong.vn\/images\/users\/images\/HDI-tower-mat%20bang-05.jpg_tmp.jpg\" alt=\"mat-bang-du-an-hdi-tower-55-le-dai-hanh\" \/><\/p>\n<p>&nbsp;<\/p>\n<p><u><strong>C\u0103n A6<\/strong><\/u><\/p>\n<p>&nbsp;<\/p>\n<p><img decoding=\"async\" src=\"https:\/\/vinhomesskylake.bdstanlong.vn\/images\/users\/images\/HDI-tower-mat%20bang-06.jpg_tmp.jpg\" alt=\"mat-bang-du-an-hdi-tower-55-le-dai-hanh\" \/><\/p>\n<p>&nbsp;<\/p>\n<p><u><strong>C\u0103n A7<\/strong><\/u><\/p>\n<p>&nbsp;<\/p>\n<p><img decoding=\"async\" src=\"https:\/\/vinhomesskylake.bdstanlong.vn\/images\/users\/images\/HDI-tower-mat%20bang-07.jpg_tmp.jpg\" alt=\"mat-bang-du-an-hdi-tower-55-le-dai-hanh\" \/><\/p>\n<p>&nbsp;<\/p>\n<p><u><strong>C\u0103n A8<\/strong><\/u><\/p>\n<p>&nbsp;<\/p>\n<p><img decoding=\"async\" src=\"https:\/\/vinhomesskylake.bdstanlong.vn\/images\/users\/images\/HDI-tower-mat%20bang-08.jpg_tmp.jpg\" alt=\"mat-bang-du-an-hdi-tower-55-le-dai-hanh\" \/><\/p>\n<p>&nbsp;<\/p>\n<p>&nbsp;<\/p>\n<p><em>(*)\u00a0H\u00c3Y LI\u00caN L\u1ea0C V\u1edaI CH\u00daNG T\u00d4I \u0110\u1ec2 \u0110\u01af\u1ee2C C\u1eacP NH\u1eacT TH\u00d4NG TIN M\u1edaI NH\u1ea4T T\u1eea D\u1ef0 \u00c1N<\/em><\/p>\n","protected":false},"excerpt":{"rendered":"<p>M\u1eb6T B\u1eb0NG C\u0102N H\u1ed8 HDI TOWER &nbsp; C\u0103\u200bn A1 &nbsp; &nbsp; C\u0103n A2 &nbsp; &nbsp; C\u0103n A3 &nbsp; &nbsp; C\u0103n A4 &nbsp; &nbsp; C\u0103n A5 &nbsp; &nbsp; C\u0103n A6 &nbsp; &nbsp; C\u0103n A7 &nbsp; &nbsp; C\u0103n A8 &nbsp; &nbsp; &nbsp; (*)\u00a0H\u00c3Y LI\u00caN L\u1ea0C V\u1edaI CH\u00daNG T\u00d4I \u0110\u1ec2 \u0110\u01af\u1ee2C C\u1eacP NH\u1eacT TH\u00d4NG TIN M\u1edaI NH\u1ea4T T\u1eea&#8230;<\/p>\n","protected":false},"author":5,"featured_media":0,"parent":0,"menu_order":0,"comment_status":"closed","ping_status":"closed","template":"","meta":[],"_links":{"self":[{"href":"https:\/\/vinhomesskylake.bdstanlong.vn\/vi\/wp-json\/wp\/v2\/pages\/5749"}],"collection":[{"href":"https:\/\/vinhomesskylake.bdstanlong.vn\/vi\/wp-json\/wp\/v2\/pages"}],"about":[{"href":"https:\/\/vinhomesskylake.bdstanlong.vn\/vi\/wp-json\/wp\/v2\/types\/page"}],"author":[{"embeddable":true,"href":"https:\/\/vinhomesskylake.bdstanlong.vn\/vi\/wp-json\/wp\/v2\/users\/5"}],"replies":[{"embeddable":true,"href":"https:\/\/vinhomesskylake.bdstanlong.vn\/vi\/wp-json\/wp\/v2\/comments?post=5749"}],"version-history":[{"count":1,"href":"https:\/\/vinhomesskylake.bdstanlong.vn\/vi\/wp-json\/wp\/v2\/pages\/5749\/revisions"}],"predecessor-version":[{"id":5750,"href":"https:\/\/vinhomesskylake.bdstanlong.vn\/vi\/wp-json\/wp\/v2\/pages\/5749\/revisions\/5750"}],"wp:attachment":[{"href":"https:\/\/vinhomesskylake.bdstanlong.vn\/vi\/wp-json\/wp\/v2\/media?parent=5749"}],"curies":[{"name":"wp","href":"https:\/\/api.w.org\/{rel}","templated":true}]}}