{"id":5747,"date":"2023-07-17T15:42:35","date_gmt":"2023-07-17T08:42:35","guid":{"rendered":"http:\/\/demo1.bdstanlong.vn\/vi\/?page_id=5747"},"modified":"2023-07-17T15:44:25","modified_gmt":"2023-07-17T08:44:25","slug":"tong-quan-hdi-tower","status":"publish","type":"page","link":"https:\/\/vinhomesskylake.bdstanlong.vn\/vi\/tong-quan-hdi-tower.html","title":{"rendered":"T\u1ed5ng Quan HDI Tower 55 L\u00ea \u0110\u1ea1i H\u00e0nh"},"content":{"rendered":"<div id=\"content\">\n<div class=\"pright\">\n<div class=\"prcon\">\n<h1><strong>T\u1ed4NG QUAN D\u1ef0 \u00c1N HDI TOWER 55 L\u00ca \u0110\u1ea0I H\u00c0NH<\/strong><\/h1>\n<p><img decoding=\"async\" src=\"https:\/\/vinhomesskylake.bdstanlong.vn\/images\/users\/images\/HDI%20TOWER_LA-V2_1.png_tmp.png\" alt=\"tong-quan-du-an-hdi-tower-55-le-dai-hanh\" \/><\/p>\n<p>&nbsp;<\/p>\n<p>&nbsp;<\/p>\n<p>&nbsp;<\/p>\n<h2><strong>1. GI\u1edaI THI\u1ec6U V\u1ec0 CH\u1ee6 \u0110\u1ea8U T\u01af HDI TOWER<\/strong><\/h2>\n<div><\/div>\n<div>C\u00f4ng ty C\u1ed5 ph\u1ea7n \u0110\u1ea7u t\u01b0 X\u00e2y d\u1ef1ng Ph\u00e1t tri\u1ec3n nh\u00e0 s\u1ed1 7 H\u00e0 N\u1ed9i<\/div>\n<div>L\u00e0 doanh nghi\u1ec7p x\u00e2y d\u1ef1ng h\u00e0ng \u0111\u1ea7u, ho\u1ea1t \u0111\u1ed9ng trong ph\u1ea1m vi c\u1ea3 n\u01b0\u1edbc v\u00e0 qu\u1ed1c t\u1ebf. Tr\u1ea3i\u00a0 qua h\u01a1n 20 n\u0103m x\u00e2y d\u1ef1ng v\u00e0 tr\u01b0\u1edfng th\u00e0nh, C\u00f4ng ty \u0111\u00e3 th\u1ef1c hi\u1ec7n nhi\u1ec1u d\u1ef1 \u00e1n tr\u1ecdng \u0111i\u1ec3m\u00a0 g\u00f3p ph\u1ea7n v\u00e0o s\u1ef1 nghi\u1ec7p x\u00e2y d\u1ef1ng th\u1ee7 \u0111\u00f4 v\u00e0 \u0111\u1ea5t n\u01b0\u1edbc.<\/div>\n<div>V\u1edbi ph\u01b0\u01a1ng ch\u00e2m:&#8221;Hi\u1ec7u qu\u1ea3 v\u00e0 ph\u00e1t tri\u1ec3n b\u1ec1n v\u1eebng&#8221;, C\u00f4ng ty kh\u00f4ng ng\u1eebng \u0111\u1ea7u t\u01b0 v\u1ec1\u00a0 c\u00f4ng ngh\u1ec7, nh\u00e2n l\u1ef1c v\u00e0 t\u00e0i ch\u00ednh \u0111\u1ec3 \u0111\u00e1p \u1ee9ng y\u00eau c\u1ea7u ng\u00e0y c\u00e0ng cao v\u1ec1 ti\u1ebfn \u0111\u1ed9, ch\u1ea5t l\u01b0\u1ee3ng\u00a0 v\u00e0 hi\u1ec7u qu\u1ea3 trong l\u0129nh v\u1ef1c \u0111\u1ea7u t\u1eeb, x\u00e2y d\u1ef1ng v\u00e0 qu\u1ea3n l\u00fd.<\/div>\n<div>Tr\u1ee5 s\u1edf Ch\u00ednh : T\u1ea7ng 6 , S\u1ed1 37 Nguy\u1ec5n \u0110\u00ecnh Chi\u1ec3u , Ph\u01b0\u1eddng L\u00ea \u0110\u1ea1i H\u00e0nh , Qu\u1eadn Hai B\u00e0 Tr\u01b0ng, Tp H\u00e0 N\u1ed9i .<\/div>\n<div><\/div>\n<div><\/div>\n<h3><strong>2. C\u00c1C D\u1ef0 \u00c1N \u0110ANG TRI\u1ec2N KHAI<\/strong><\/h3>\n<div><\/div>\n<div>\u00a0 \u00a0 \u00a0\u2714\ufe0f\u00a0D\u1ef1 \u00e1n T\u00e2y H\u1ed3 Residence V\u00f5 Ch\u00ed C\u00f4ng<\/div>\n<div>\u00a0 \u00a0 \u00a0\u2714\ufe0f\u00a0D\u1ef1 \u00e1n HDI Tower &#8211; 55 L\u00ea \u0110\u1ea1i H\u00e0nh<\/div>\n<div>\u00a0 \u00a0 \u00a0\u2714\ufe0f\u00a0D\u1ef1 \u00e1n N3 Nguy\u1ec5n C\u00f4ng Tr\u1ee9<\/div>\n<div>\u00a0 \u00a0 \u00a0\u2714\ufe0f\u00a0D\u1ef1 \u00e1n HDI Homes Nguy\u1ec5n Tu\u00e2n<\/div>\n<div>\u00a0 \u00a0 \u00a0\u2714\ufe0f\u00a0D\u1ef1 \u00e1n HDI Homes V\u0169 Ph\u1ea1m H\u00e0m<\/div>\n<div>\u00a0 \u00a0 \u00a0\u2714\ufe0f\u00a0D\u1ef1 \u00e1n khu nh\u00e0 \u1edf V\u0129nh Ho\u00e0ng<\/div>\n<div><\/div>\n<div><\/div>\n<h4><strong>3. \u0110\u01a0N V\u1eca QU\u1ea2N L\u00dd V\u1eacN H\u00c0NH<\/strong><\/h4>\n<div><\/div>\n<div>Big Sky l\u00e0 C\u00f4ng ty chuy\u00ean cung c\u1ea5p d\u1ecbch v\u1ee5 T\u01b0 v\u1ea5n v\u00e0 Qu\u1ea3n l\u00fd c\u00e1c D\u1ef1 \u00e1n B\u1ea5t \u0111\u1ed9ng s\u1ea3n nh\u01b0:<\/div>\n<div>\u00a0 \u00a0 \u00a0\u2714\ufe0f\u00a0Qu\u1ea3n l\u00fd du l\u1ecbch sinh th\u00e1i ngh\u1ec9 d\u01b0\u1ee1ng<\/div>\n<div>\u00a0 \u00a0 \u00a0\u2714\ufe0f\u00a0Trung t\u00e2m th\u01b0\u01a1ng m\u1ea1i<\/div>\n<div>\u00a0 \u00a0 \u00a0\u2714\ufe0f\u00a0Chung c\u01b0 cao c\u1ea5p<\/div>\n<div>\u00a0 \u00a0 \u00a0\u2714\ufe0f\u00a0Cao \u1ed1c v\u0103n ph\u00f2ng<\/div>\n<div>\u00a0 \u00a0 \u00a0\u2714\ufe0f\u00a0Kh\u00e1ch s\u1ea1n\/C\u0103n h\u1ed9 d\u1ecbch v\u1ee5<\/div>\n<div>\u00a0 \u00a0 \u00a0\u2714\ufe0f\u00a0C\u00e1c lo\u1ea1i h\u00ecnh d\u1ecbch v\u1ee5 kh\u00e1c (Nh\u00e0 m\u00e1y, Khu c\u00f4ng nghi\u1ec7p, B\u1ec7nh vi\u1ec7n, Tr\u01b0\u1eddng h\u1ecdc,\u2026)<\/div>\n<div>\u00a0 \u00a0 \u00a0\u2714\ufe0f\u00a0\u0110i\u1ec3n h\u00ecnh : Kosmo, Sunshine city ,B\u1ec7nh vi\u1ec7n qu\u1ed1c t\u1ebf Vinmec, Flamingo \u0110\u1ea1i L\u1ea3i<\/div>\n<div><\/div>\n<h5><strong>4. H\u00ccNH TH\u1ee8C S\u1ede H\u1eeeU<\/strong><\/h5>\n<div><\/div>\n<div>\u00a0 \u00a0 \u00a0\u2714\ufe0f\u00a0D\u1ef1 \u00e1n HDI Tower 55 L\u00ea \u0110\u1ea1i H\u00e0nh \u0111\u01b0\u1ee3c c\u1ea5p s\u1ed5 \u0111\u1ecf s\u1edf h\u1eefu l\u00e2u d\u00e0i.<\/div>\n<div><\/div>\n<h6><strong>5. TI\u00caU CHU\u1ea8N B\u00c0N GIAO C\u0102N H\u1ed8<\/strong><\/h6>\n<div><img decoding=\"async\" src=\"https:\/\/vinhomesskylake.bdstanlong.vn\/images\/users\/images\/hdi-tower-55-le-dai-hanh-tieu-chuan-ban-giao1.jpg_tmp.jpg\" alt=\"hdi-tower-55-le-dai-hanh-tieu-chuan-ban-giao\" \/><\/div>\n<div><img decoding=\"async\" src=\"https:\/\/vinhomesskylake.bdstanlong.vn\/images\/users\/images\/hdi-tower-55-le-dai-hanh-tieu-chuan-ban-giao2.jpg_tmp.jpg\" alt=\"hdi-tower-55-le-dai-hanh-tieu-chuan-ban-giao\" \/><\/div>\n<div><img decoding=\"async\" src=\"https:\/\/vinhomesskylake.bdstanlong.vn\/images\/users\/images\/hdi-tower-55-le-dai-hanh-tieu-chuan-ban-giao3.jpg_tmp.jpg\" alt=\"hdi-tower-55-le-dai-hanh-tieu-chuan-ban-giao\" \/><\/div>\n<div><img decoding=\"async\" src=\"https:\/\/vinhomesskylake.bdstanlong.vn\/images\/users\/images\/hdi-tower-55-le-dai-hanh-tieu-chuan-ban-giao4.jpg_tmp.jpg\" alt=\"hdi-tower-55-le-dai-hanh-tieu-chuan-ban-giao\" \/><\/div>\n<div><img decoding=\"async\" src=\"https:\/\/vinhomesskylake.bdstanlong.vn\/images\/users\/images\/hdi-tower-55-le-dai-hanh-tieu-chuan-ban-giao5.jpg_tmp.jpg\" alt=\"hdi-tower-55-le-dai-hanh-tieu-chuan-ban-giao\" \/><\/div>\n<div><img decoding=\"async\" src=\"https:\/\/vinhomesskylake.bdstanlong.vn\/images\/users\/images\/hdi-tower-55-le-dai-hanh-tieu-chuan-ban-giao6.jpg_tmp.jpg\" alt=\"hdi-tower-55-le-dai-hanh-tieu-chuan-ban-giao\" \/><\/div>\n<div><\/div>\n<div><strong>6. H\u00ccNH \u1ea2NH TH\u1ef0C T\u1ebe D\u1ef0 \u00c1N<\/strong><\/div>\n<p><img decoding=\"async\" src=\"https:\/\/vinhomesskylake.bdstanlong.vn\/images\/users\/images\/HDI-tower-du-an-hdi-tower-55-le-dai-hanh0a.jpg_tmp.jpg\" alt=\"HDI-tower-du-an-hdi-tower-55-le-dai-hanh\" \/><\/p>\n<p><img decoding=\"async\" src=\"https:\/\/vinhomesskylake.bdstanlong.vn\/images\/users\/images\/HDI-tower-du-an-hdi-tower-55-le-dai-hanh0b.jpg_tmp.jpg\" alt=\"HDI-tower-du-an-hdi-tower-55-le-dai-hanh01\" \/><\/p>\n<\/div>\n<\/div>\n<\/div>\n","protected":false},"excerpt":{"rendered":"<p>T\u1ed4NG QUAN D\u1ef0 \u00c1N HDI TOWER 55 L\u00ca \u0110\u1ea0I H\u00c0NH &nbsp; &nbsp; &nbsp; 1. GI\u1edaI THI\u1ec6U V\u1ec0 CH\u1ee6 \u0110\u1ea8U T\u01af HDI TOWER C\u00f4ng ty C\u1ed5 ph\u1ea7n \u0110\u1ea7u t\u01b0 X\u00e2y d\u1ef1ng Ph\u00e1t tri\u1ec3n nh\u00e0 s\u1ed1 7 H\u00e0 N\u1ed9i L\u00e0 doanh nghi\u1ec7p x\u00e2y d\u1ef1ng h\u00e0ng \u0111\u1ea7u, ho\u1ea1t \u0111\u1ed9ng trong ph\u1ea1m vi c\u1ea3 n\u01b0\u1edbc v\u00e0 qu\u1ed1c t\u1ebf. Tr\u1ea3i\u00a0&#8230;<\/p>\n","protected":false},"author":5,"featured_media":0,"parent":0,"menu_order":0,"comment_status":"closed","ping_status":"closed","template":"","meta":[],"_links":{"self":[{"href":"https:\/\/vinhomesskylake.bdstanlong.vn\/vi\/wp-json\/wp\/v2\/pages\/5747"}],"collection":[{"href":"https:\/\/vinhomesskylake.bdstanlong.vn\/vi\/wp-json\/wp\/v2\/pages"}],"about":[{"href":"https:\/\/vinhomesskylake.bdstanlong.vn\/vi\/wp-json\/wp\/v2\/types\/page"}],"author":[{"embeddable":true,"href":"https:\/\/vinhomesskylake.bdstanlong.vn\/vi\/wp-json\/wp\/v2\/users\/5"}],"replies":[{"embeddable":true,"href":"https:\/\/vinhomesskylake.bdstanlong.vn\/vi\/wp-json\/wp\/v2\/comments?post=5747"}],"version-history":[{"count":2,"href":"https:\/\/vinhomesskylake.bdstanlong.vn\/vi\/wp-json\/wp\/v2\/pages\/5747\/revisions"}],"predecessor-version":[{"id":5751,"href":"https:\/\/vinhomesskylake.bdstanlong.vn\/vi\/wp-json\/wp\/v2\/pages\/5747\/revisions\/5751"}],"wp:attachment":[{"href":"https:\/\/vinhomesskylake.bdstanlong.vn\/vi\/wp-json\/wp\/v2\/media?parent=5747"}],"curies":[{"name":"wp","href":"https:\/\/api.w.org\/{rel}","templated":true}]}}