{"id":5739,"date":"2023-07-17T15:38:23","date_gmt":"2023-07-17T08:38:23","guid":{"rendered":"http:\/\/demo1.bdstanlong.vn\/vi\/?page_id=5739"},"modified":"2023-07-17T15:38:23","modified_gmt":"2023-07-17T08:38:23","slug":"su-kien-mo-ban-mipec-rubik-360","status":"publish","type":"page","link":"https:\/\/vinhomesskylake.bdstanlong.vn\/vi\/su-kien-mo-ban-mipec-rubik-360.html","title":{"rendered":"S\u1ef1 Ki\u1ec7n M\u1edf B\u00e1n Mipec Rubik 360"},"content":{"rendered":"<h1><strong>S\u1ef0 KI\u1ec6N KHAI TR\u01af\u01a0NG V\u0102N PH\u00d2NG B\u00c1N H\u00c0NG MIPEC &#8211; TR\u1ea2I NGHI\u1ec6M C\u0102N H\u1ed8 M\u1eaaU D\u1ef0 \u00c1N MIPEC RUBIK360<\/strong><\/h1>\n<div><\/div>\n<div><img decoding=\"async\" src=\"https:\/\/vinhomesskylake.bdstanlong.vn\/images\/users\/images\/Mipec1.jpg_tmp.jpg\" alt=\"Mipec-rubik-360\" \/><\/div>\n<div><\/div>\n<div><\/div>\n<div>S\u00e1ng ng\u00e0y 21\/12\/2019, S\u1ef1 ki\u1ec7n Khai tr\u01b0\u01a1ng V\u0103n ph\u00f2ng b\u00e1n h\u00e0ng Mipec v\u1edbi quy m\u00f4 l\u00ean t\u1edbi 1.700m2 t\u1ea1i 122 Xu\u00e2n Thu\u1ef7 s\u1ebd ch\u00ednh th\u1ee9c di\u1ec5n ra trong s\u1ef1 h\u00e1o h\u1ee9c ch\u1edd \u0111\u1ee3i c\u1ee7a \u0111\u00f4ng \u0111\u1ea3o qu\u00fd kh\u00e1ch h\u00e0ng quan t\u00e2m d\u1ef1 \u00e1n\u00a0<a href=\"http:\/\/vinhomesskylake.bdstanlong.vn\/vi\/mipec-rubik-360.html\">Mipec Rubik360<\/a>.<\/div>\n<div>Theo d\u1ef1 \u0111o\u00e1n, s\u1ee9c h\u00fat l\u1edbn nh\u1ea5t c\u1ee7a s\u1ef1 ki\u1ec7n l\u1ea7n n\u00e0y \u0111\u1ebfn t\u1eeb lo\u1ea1t ho\u1ea1t \u0111\u1ed9ng tr\u1ea3i nghi\u1ec7m 3 c\u0103n h\u1ed9 m\u1eabu \u0111\u00e3 \u0111\u01b0\u1ee3c ho\u00e0n thi\u1ec7n v\u00e0 s\u1eb5n s\u00e0ng ch\u00e0o \u0111\u00f3n kh\u00e1ch th\u0103m quan.<\/div>\n<div><\/div>\n<div>Th\u1eddi gian: 9:00 &#8211; 12:00 ng\u00e0y 21.12.2019<\/div>\n<div>\u0110\u1ecba \u0111i\u1ec3m:\u00a0 122 \u2013 124 \u0111\u01b0\u1eddng Xu\u00e2n Th\u1ee7y, D\u1ecbch V\u1ecdng, C\u1ea7u Gi\u1ea5y, H\u00e0 N\u1ed9i<\/div>\n<div><\/div>\n<h2><strong>NH\u1eeeNG \u201c\u0110I\u1ec2M NH\u1ea4N\u201d NH\u1ea4T \u0110\u1ecaNH KH\u00d4NG TH\u1ec2 B\u1ece QUA T\u1ea0I S\u1ef0 KI\u1ec6N:\u00a0<\/strong><\/h2>\n<p>&nbsp;<\/p>\n<div><img decoding=\"async\" src=\"https:\/\/vinhomesskylake.bdstanlong.vn\/images\/users\/images\/Mipec3.jpg_tmp.jpg\" alt=\"Mipec-rubik-360\" \/><\/div>\n<div><\/div>\n<h3><a href=\"http:\/\/vinhomesskylake.bdstanlong.vn\/vi\/mipec-rubik-360.html\"><img decoding=\"async\" src=\"https:\/\/vinhomesskylake.bdstanlong.vn\/images\/users\/images\/Mipec5.jpg_tmp.jpg\" alt=\"Mipec-rubik-360\" \/><\/a><\/h3>\n<div><\/div>\n<div><\/div>\n<div>\ud83d\udd38\u00a0Nghi l\u1ec5 kh\u00e1nh th\u00e0nh trang tr\u1ecdng, v\u1edbi s\u1ef1 tham d\u1ef1 c\u1ee7a \u0111\u1ea1i di\u1ec7n Ch\u1ee7 \u0110\u1ea7u T\u01b0, \u0111\u01a1n v\u1ecb ph\u00e1t tri\u1ec3n d\u1ef1 \u00e1n, c\u00e1c \u0111\u01a1n v\u1ecb ph\u00e2n ph\u1ed1i ch\u00ednh th\u1ee9c, kh\u00e1ch h\u00e0ng quan t\u00e2m t\u1edbi d\u1ef1 \u00e1n,&#8230;<\/div>\n<div>\ud83d\udd38\u00a0Ph\u1ea7n tr\u00ecnh di\u1ec5n s\u00f4i \u0111\u1ed9ng c\u1ee7a \u00c1 qu\u00e2n The Voice 2019 Layla c\u00f9ng v\u0169 \u0111o\u00e0n<\/div>\n<div>\ud83d\udd38Tham quan v\u0103n ph\u00f2ng b\u00e1n h\u00e0ng QUY M\u00d4 KH\u1ee6NG, di\u1ec7n t\u00edch l\u00ean t\u1edbi 1700m2, ng\u1eafm nh\u00ecn to\u00e0n c\u1ea3nh d\u1ef1 \u00e1n thu nh\u1ecf qua m\u00f4 h\u00ecnh t\u1ec9 l\u1ec7 1\/75 si\u00eau ho\u00e0nh tr\u00e1ng, t\u1ec9 m\u1ec9 v\u1edbi thi\u1ebft k\u1ebf chi ti\u1ebft<\/div>\n<div>\ud83d\udd38Site tour tr\u1ea3i nghi\u1ec7m ph\u00f2ng chi\u1ebfu phim, 3 c\u0103n h\u1ed9 m\u1eabu hi\u1ec7n \u0111\u1ea1i, \u0111a d\u1ea1ng di\u1ec7n t\u00edch v\u1edbi 2 c\u0103n 2PN\/2VS c\u00f3 di\u1ec7n t\u00edch 75m2 v\u00e0 86m2 ph\u00f9 h\u1ee3p cho c\u00e1c gia \u0111\u00ecnh tr\u1ebb tri th\u1ee9c, kh\u00f4ng gian 3PN\/2VS theo phong c\u00e1ch hi\u1ec7n \u0111\u1ea1i v\u00e0 t\u00e2n c\u1ed5 \u0111i\u1ec3n.<\/div>\n<div>\ud83d\udd38Khu vui ch\u01a1i tr\u1ebb em ngay ch\u00ednh t\u1ea1i khu\u00f4n vi\u00ean s\u1ef1 ki\u1ec7n v\u1edbi \u00f4ng gi\u00e0 Noel ho\u1ea1t n\u00e1o d\u00e0nh cho c\u00e1c \u201cc\u01b0 d\u00e2n nh\u00ed t\u01b0\u01a1ng lai\u201d<\/div>\n<div><\/div>\n<div><a href=\"http:\/\/vinhomesskylake.bdstanlong.vn\/vi\/mipec-rubik-360.html\"><img decoding=\"async\" src=\"https:\/\/vinhomesskylake.bdstanlong.vn\/images\/users\/images\/Mipec4.jpg_tmp.jpg\" alt=\"Mipec-rubik-360\" \/><\/a><\/div>\n<div><\/div>\n<div><\/div>\n<div>MIPEC RUBIK360 \u2013 \u0110\u1eb2NG C\u1ea4P S\u1ed0NG L\u1eacP PH\u01af\u01a0NG<\/div>\n<div><\/div>\n<div>\u0110C: 122-124 Xu\u00e2n Thu\u1ef7, C\u1ea7u Gi\u1ea5y, H\u00e0 N\u1ed9i<\/div>\n","protected":false},"excerpt":{"rendered":"<p>S\u1ef0 KI\u1ec6N KHAI TR\u01af\u01a0NG V\u0102N PH\u00d2NG B\u00c1N H\u00c0NG MIPEC &#8211; TR\u1ea2I NGHI\u1ec6M C\u0102N H\u1ed8 M\u1eaaU D\u1ef0 \u00c1N MIPEC RUBIK360 S\u00e1ng ng\u00e0y 21\/12\/2019, S\u1ef1 ki\u1ec7n Khai tr\u01b0\u01a1ng V\u0103n ph\u00f2ng b\u00e1n h\u00e0ng Mipec v\u1edbi quy m\u00f4 l\u00ean t\u1edbi 1.700m2 t\u1ea1i 122 Xu\u00e2n Thu\u1ef7 s\u1ebd ch\u00ednh th\u1ee9c di\u1ec5n ra trong s\u1ef1 h\u00e1o h\u1ee9c ch\u1edd \u0111\u1ee3i c\u1ee7a \u0111\u00f4ng \u0111\u1ea3o&#8230;<\/p>\n","protected":false},"author":5,"featured_media":0,"parent":0,"menu_order":0,"comment_status":"closed","ping_status":"closed","template":"","meta":[],"_links":{"self":[{"href":"https:\/\/vinhomesskylake.bdstanlong.vn\/vi\/wp-json\/wp\/v2\/pages\/5739"}],"collection":[{"href":"https:\/\/vinhomesskylake.bdstanlong.vn\/vi\/wp-json\/wp\/v2\/pages"}],"about":[{"href":"https:\/\/vinhomesskylake.bdstanlong.vn\/vi\/wp-json\/wp\/v2\/types\/page"}],"author":[{"embeddable":true,"href":"https:\/\/vinhomesskylake.bdstanlong.vn\/vi\/wp-json\/wp\/v2\/users\/5"}],"replies":[{"embeddable":true,"href":"https:\/\/vinhomesskylake.bdstanlong.vn\/vi\/wp-json\/wp\/v2\/comments?post=5739"}],"version-history":[{"count":1,"href":"https:\/\/vinhomesskylake.bdstanlong.vn\/vi\/wp-json\/wp\/v2\/pages\/5739\/revisions"}],"predecessor-version":[{"id":5740,"href":"https:\/\/vinhomesskylake.bdstanlong.vn\/vi\/wp-json\/wp\/v2\/pages\/5739\/revisions\/5740"}],"wp:attachment":[{"href":"https:\/\/vinhomesskylake.bdstanlong.vn\/vi\/wp-json\/wp\/v2\/media?parent=5739"}],"curies":[{"name":"wp","href":"https:\/\/api.w.org\/{rel}","templated":true}]}}