{"id":5733,"date":"2023-07-17T15:34:32","date_gmt":"2023-07-17T08:34:32","guid":{"rendered":"http:\/\/demo1.bdstanlong.vn\/vi\/?page_id=5733"},"modified":"2023-07-17T15:34:32","modified_gmt":"2023-07-17T08:34:32","slug":"tien-ich-mipec-rubik-360","status":"publish","type":"page","link":"https:\/\/vinhomesskylake.bdstanlong.vn\/vi\/tien-ich-mipec-rubik-360.html","title":{"rendered":"Ti\u1ec7n \u00cdch Mipec Rubik 360"},"content":{"rendered":"<h1><strong>QU\u1ea6N TH\u1ec2 TI\u1ec6N \u00cdCH T\u1ea0I MIPEC RUBIK 360<\/strong><\/h1>\n<div><\/div>\n<div>Slogan c\u1ee7a d\u1ef1 \u00e1n\u00a0<strong>Mipec Rubik 360<\/strong>: Xua tan m\u1ecdi lo \u00e2u c\u1ee7a c\u01b0 d\u00e2n v\u1ec1 cu\u1ed9c s\u1ed1ng hi\u1ec7n \u0111\u1ea1i.<\/div>\n<div>V\u00e0 do \u0111\u00f3, ch\u1ee7 \u0111\u1ea7u t\u01b0 d\u1ef1 \u00e1n \u0111\u00e3 \u0111\u1eb7t t\u00ean cho d\u1ef1 \u00e1n l\u00e0 Rubik 360. \u00dd ngh\u0129a c\u1ee7a &#8220;360&#8221; \u0111\u00f3 l\u00e0:<\/div>\n<div>1. D\u1ef1 \u00e1n s\u1edf h\u1eefu 3 m\u1eb7t ti\u1ec1n: Xu\u00e2n Th\u1ee7y, Phan V\u0103n Tr\u01b0\u1eddng v\u00e0 \u0111\u01b0\u1eddng bao n\u1ed9i khu r\u1ed9ng t\u01b0\u01a1ng \u0111\u01b0\u01a1ng \u0111\u01b0\u1eddng Phan V\u0103n Tr\u01b0\u1eddng<\/div>\n<div>2. D\u1ef1 \u00e1n mang l\u1ea1i b\u1ed9 6 gi\u1ea3i ph\u00e1p t\u1ed1i \u01b0u cho cu\u1ed9c s\u1ed1ng trung t\u00e2m.<\/div>\n<div><\/div>\n<div>Chu\u1ed7i 54 ti\u1ec7n \u00edch m\u00e0 d\u1ef1 \u00e1n Mipec Rubik s\u1ebd c\u00f3:<\/div>\n<div><\/div>\n<h2><strong>M\u1ed9t s\u1ed1 ti\u1ec7n \u00edch n\u1ed5i b\u1eadt:<\/strong><\/h2>\n<div>\u2022 10 skygarden tr\u00ean m\u00e1i<\/div>\n<div>\u2022 Qu\u1ea3ng tr\u01b0\u1eddng trung t\u00e2m v\u1edbi kh\u00f4ng gian vui ch\u01a1i c\u1ee7a tr\u1ebb em, ng\u01b0\u1eddi gi\u00e0, khu t\u1eadp th\u1ec3 thao,\u2026<\/div>\n<div>\u2022 Trung t\u00e2m th\u01b0\u01a1ng m\u1ea1i v\u1edbi si\u00eau th\u1ecb, r\u1ea1p chi\u1ebfu phim, t\u1ed5 h\u1ee3p gym &amp; fitness, khu mua s\u1eafm, \u1ea9m th\u1ef1c,\u2026<\/div>\n<div>\u2022 H\u1ea7m \u0111\u1ed7 xe v\u00e0 b\u00e3i \u0111\u1ed7 xe ngo\u00e0i tr\u1eddi \u0111\u1ea3m b\u1ea3o nhu c\u1ea7u c\u1ee7a t\u1ea5t c\u1ea3 c\u0103n h\u1ed9<\/div>\n<div>\u2022 Trung t\u00e2m ti\u1ec7c c\u01b0\u1edbi v\u00e0 t\u1ed5 ch\u1ee9c s\u1ef1 ki\u1ec7n<\/div>\n<div><\/div>\n<div><\/div>\n<h3><img decoding=\"async\" src=\"https:\/\/vinhomesskylake.bdstanlong.vn\/images\/users\/images\/tienich-01.jpg_tmp.jpg\" alt=\"Mipec-rubik-360-facilities\" \/><\/h3>\n<p><em>Chu\u1ed7i 54 ti\u1ec7n \u00edch t\u1ea1i d\u1ef1 \u00e1n Mipec Rubik 360<\/em><\/p>\n<p>&nbsp;<\/p>\n<p>&nbsp;<\/p>\n<p>\u0110i\u1ec3m \u0111\u1eb7c bi\u1ec7t v\u00e0 thu h\u00fat c\u1ee7a d\u1ef1 \u00e1n\u00a0<strong>Mipec rubik 360<\/strong>\u00a0n\u1eb1m \u1edf h\u1ec7 th\u1ed1ng trung t\u00e2m th\u01b0\u01a1ng m\u1ea1i l\u1edbn.<\/p>\n<p>&nbsp;<\/p>\n<p><img decoding=\"async\" src=\"https:\/\/vinhomesskylake.bdstanlong.vn\/images\/users\/images\/Mipec-rubik-facilities.jpeg_tmp.jpeg\" alt=\"mipec-rubik-360-trung-tam-thuong-mai\" \/><\/p>\n<p><em>Ti\u1ec7n \u00edch ngo\u1ea1i khu c\u1ee7a Mipec Rubik 360<\/em><\/p>\n","protected":false},"excerpt":{"rendered":"<p>QU\u1ea6N TH\u1ec2 TI\u1ec6N \u00cdCH T\u1ea0I MIPEC RUBIK 360 Slogan c\u1ee7a d\u1ef1 \u00e1n\u00a0Mipec Rubik 360: Xua tan m\u1ecdi lo \u00e2u c\u1ee7a c\u01b0 d\u00e2n v\u1ec1 cu\u1ed9c s\u1ed1ng hi\u1ec7n \u0111\u1ea1i. V\u00e0 do \u0111\u00f3, ch\u1ee7 \u0111\u1ea7u t\u01b0 d\u1ef1 \u00e1n \u0111\u00e3 \u0111\u1eb7t t\u00ean cho d\u1ef1 \u00e1n l\u00e0 Rubik 360. \u00dd ngh\u0129a c\u1ee7a &#8220;360&#8221; \u0111\u00f3 l\u00e0: 1. D\u1ef1 \u00e1n s\u1edf h\u1eefu&#8230;<\/p>\n","protected":false},"author":5,"featured_media":0,"parent":0,"menu_order":0,"comment_status":"closed","ping_status":"closed","template":"","meta":[],"_links":{"self":[{"href":"https:\/\/vinhomesskylake.bdstanlong.vn\/vi\/wp-json\/wp\/v2\/pages\/5733"}],"collection":[{"href":"https:\/\/vinhomesskylake.bdstanlong.vn\/vi\/wp-json\/wp\/v2\/pages"}],"about":[{"href":"https:\/\/vinhomesskylake.bdstanlong.vn\/vi\/wp-json\/wp\/v2\/types\/page"}],"author":[{"embeddable":true,"href":"https:\/\/vinhomesskylake.bdstanlong.vn\/vi\/wp-json\/wp\/v2\/users\/5"}],"replies":[{"embeddable":true,"href":"https:\/\/vinhomesskylake.bdstanlong.vn\/vi\/wp-json\/wp\/v2\/comments?post=5733"}],"version-history":[{"count":1,"href":"https:\/\/vinhomesskylake.bdstanlong.vn\/vi\/wp-json\/wp\/v2\/pages\/5733\/revisions"}],"predecessor-version":[{"id":5734,"href":"https:\/\/vinhomesskylake.bdstanlong.vn\/vi\/wp-json\/wp\/v2\/pages\/5733\/revisions\/5734"}],"wp:attachment":[{"href":"https:\/\/vinhomesskylake.bdstanlong.vn\/vi\/wp-json\/wp\/v2\/media?parent=5733"}],"curies":[{"name":"wp","href":"https:\/\/api.w.org\/{rel}","templated":true}]}}