{"id":5729,"date":"2023-07-17T15:27:42","date_gmt":"2023-07-17T08:27:42","guid":{"rendered":"http:\/\/demo1.bdstanlong.vn\/vi\/?page_id=5729"},"modified":"2023-07-17T15:27:42","modified_gmt":"2023-07-17T08:27:42","slug":"tong-quan-mipec-rubik-360","status":"publish","type":"page","link":"https:\/\/vinhomesskylake.bdstanlong.vn\/vi\/tong-quan-mipec-rubik-360.html","title":{"rendered":"T\u1ed5ng Quan Mipec Rubik 360"},"content":{"rendered":"<p>&nbsp;<\/p>\n<h1><strong>T\u1ed4NG QUAN D\u1ef0 \u00c1N MIPEC RUBIK 360<\/strong><\/h1>\n<p><img decoding=\"async\" src=\"https:\/\/vinhomesskylake.bdstanlong.vn\/images\/users\/images\/mipec-rubik-02.jpg_tmp.jpg\" alt=\"tong-quan-du-an-chung-cu-mipec-rubik-360\" \/><\/p>\n<h2><\/h2>\n<h2><strong>6 GI\u00c1 TR\u1eca V\u00c0NG C\u1ee6A MIPEC RUBIK 360<\/strong><\/h2>\n<div><\/div>\n<div>\ud83d\udcc9 V\u1ecb tr\u00ed v\u00e0ng duy nh\u1ea5t c\u00f2n l\u1ea1i t\u1ea1i qu\u1eadn C\u1ea7u Gi\u1ea5y<\/div>\n<div>\ud83d\udcc9 M\u1eadt \u0111\u1ed9 x\u00e2y d\u1ef1ng th\u1ea5p ch\u1ec9 13%<\/div>\n<div>\ud83d\udcc9 54 d\u1ecbch v\u1ee5, ti\u1ec7n \u00edch, 10 khu sky garden<\/div>\n<div>\ud83d\udcc9 Trung t\u00e2m gi\u00e1o d\u1ee5c c\u1ee7a th\u00e0nh ph\u1ed1<\/div>\n<div>\ud83d\udcc9 Thi\u1ebft k\u1ebf 3 kh\u00f4ng: kh\u00f4ng ph\u00f2ng t\u1ed1i, kh\u00f4ng g\u00f3c ch\u1ebft, kh\u00f4ng khe h\u00fa<\/div>\n<div><\/div>\n<div><img decoding=\"async\" src=\"https:\/\/vinhomesskylake.bdstanlong.vn\/images\/users\/images\/mipec-rubik-03.jpg_tmp.jpg\" alt=\"tong-quan-du-an-chung-cu-mipec-rubik-360\" \/><\/div>\n<div><\/div>\n<div><\/div>\n<h3><strong>6 GI\u1ea2I PH\u00c1P TO\u00c0N DI\u1ec6N<\/strong><\/h3>\n<div><\/div>\n<div>\u2604\ufe0f T\u00e2m \u0111i\u1ec3m v\u00e0ng th\u00e0nh ph\u1ed1 &#8211; r\u00fat ng\u1eafn \u0111\u01b0\u1eddng v\u1ec1 nh\u00e0<\/div>\n<div>\u2604\ufe0f Phong c\u00e1ch s\u1ed1ng th\u1eddi th\u01b0\u1ee3ng \u2013 n\u00e2ng cao ch\u1ea5t l\u01b0\u1ee3ng cu\u1ed9c s\u1ed1ng<\/div>\n<div>\u2604\ufe0f Quy ho\u1ea1ch c\u1ee7a t\u01b0\u01a1ng lai \u2013 gi\u1ea3i ph\u00e1p t\u1ed1i \u01b0u kh\u00f4ng gian s\u1ed1ng<\/div>\n<div>\u2604\ufe0f Tr\u01b0\u1eddng h\u1ecdc ngay ng\u01b0\u1ee1ng c\u1eeda \u2013 gi\u1ea3i ph\u00e1p xua tan n\u1ed7i lo gi\u00e1o d\u1ee5c<\/div>\n<div><\/div>\n<div><img decoding=\"async\" src=\"https:\/\/vinhomesskylake.bdstanlong.vn\/images\/users\/images\/mipec-rubik-07.jpg_tmp.jpg\" alt=\"tong-quan-du-an-chung-cu-mipec-rubik-360\" \/><\/div>\n<div><\/div>\n<h4><strong>\u01afU TH\u1ebe C\u1ee6A D\u1ef0 \u00c1N<\/strong><\/h4>\n<div><\/div>\n<div>\ud83d\udca5 S\u1edf h\u1eefu v\u1ecb tr\u00ed t\u00e2m \u0111i\u1ec3m<\/div>\n<div>\ud83d\udca5 B\u1ed9 6 gi\u1ea3i ph\u00e1p to\u00e0n di\u1ec7n<\/div>\n<div>\ud83d\udca5 Phong c\u00e1ch ki\u1ebfn tr\u00fac tinh t\u1ebf<\/div>\n<div>\ud83d\udca5 C\u1ed9ng \u0111\u1ed3ng t\u01b0\u01a1ng lai tri th\u1ee9c, \u0111a qu\u1ed1c gia<\/div>\n<div>\ud83d\udca5 Ch\u1ee7 \u0111\u1ea7u t\u01b0 uy t\u00edn<\/div>\n<div><\/div>\n<div><\/div>\n<div><img decoding=\"async\" src=\"https:\/\/vinhomesskylake.bdstanlong.vn\/images\/users\/images\/mipec-rubik-18.jpg_tmp.jpg\" alt=\"tong-quan-du-an-chung-cu-mipec-rubik-360\" \/><\/div>\n","protected":false},"excerpt":{"rendered":"<p>&nbsp; T\u1ed4NG QUAN D\u1ef0 \u00c1N MIPEC RUBIK 360 6 GI\u00c1 TR\u1eca V\u00c0NG C\u1ee6A MIPEC RUBIK 360 \ud83d\udcc9 V\u1ecb tr\u00ed v\u00e0ng duy nh\u1ea5t c\u00f2n l\u1ea1i t\u1ea1i qu\u1eadn C\u1ea7u Gi\u1ea5y \ud83d\udcc9 M\u1eadt \u0111\u1ed9 x\u00e2y d\u1ef1ng th\u1ea5p ch\u1ec9 13% \ud83d\udcc9 54 d\u1ecbch v\u1ee5, ti\u1ec7n \u00edch, 10 khu sky garden \ud83d\udcc9 Trung t\u00e2m gi\u00e1o d\u1ee5c c\u1ee7a th\u00e0nh ph\u1ed1 \ud83d\udcc9&#8230;<\/p>\n","protected":false},"author":5,"featured_media":0,"parent":0,"menu_order":0,"comment_status":"closed","ping_status":"closed","template":"","meta":[],"_links":{"self":[{"href":"https:\/\/vinhomesskylake.bdstanlong.vn\/vi\/wp-json\/wp\/v2\/pages\/5729"}],"collection":[{"href":"https:\/\/vinhomesskylake.bdstanlong.vn\/vi\/wp-json\/wp\/v2\/pages"}],"about":[{"href":"https:\/\/vinhomesskylake.bdstanlong.vn\/vi\/wp-json\/wp\/v2\/types\/page"}],"author":[{"embeddable":true,"href":"https:\/\/vinhomesskylake.bdstanlong.vn\/vi\/wp-json\/wp\/v2\/users\/5"}],"replies":[{"embeddable":true,"href":"https:\/\/vinhomesskylake.bdstanlong.vn\/vi\/wp-json\/wp\/v2\/comments?post=5729"}],"version-history":[{"count":1,"href":"https:\/\/vinhomesskylake.bdstanlong.vn\/vi\/wp-json\/wp\/v2\/pages\/5729\/revisions"}],"predecessor-version":[{"id":5731,"href":"https:\/\/vinhomesskylake.bdstanlong.vn\/vi\/wp-json\/wp\/v2\/pages\/5729\/revisions\/5731"}],"wp:attachment":[{"href":"https:\/\/vinhomesskylake.bdstanlong.vn\/vi\/wp-json\/wp\/v2\/media?parent=5729"}],"curies":[{"name":"wp","href":"https:\/\/api.w.org\/{rel}","templated":true}]}}