{"id":259,"date":"2019-05-13T01:29:13","date_gmt":"2019-05-13T01:29:13","guid":{"rendered":"https:\/\/muabanvinhomes.net\/?page_id=259"},"modified":"2022-11-26T12:13:16","modified_gmt":"2022-11-26T05:13:16","slug":"lien-he","status":"publish","type":"page","link":"https:\/\/vinhomesskylake.bdstanlong.vn\/vi\/lien-he.html","title":{"rendered":"Li\u00ean H\u1ec7"},"content":{"rendered":"\n\t<section class=\"section\" id=\"section_197151495\">\n\t\t<div class=\"section-bg fill\" >\n\t\t\t\t\t\t\t\t\t\n\t\t\t\n\n\t\t<\/div>\n\n\t\t\n\n\t\t<div class=\"section-content relative\">\n\t\t\t\n<div class=\"row\"  id=\"row-649803132\">\n\n\t<div id=\"col-1882448818\" class=\"col small-12 large-12\"  >\n\t\t\t\t<div class=\"col-inner\"  >\n\t\t\t\n\t\t\t\n<header class=\"entry-header text-center\">\n<h1 class=\"entry-title\">Li\u00ean h\u1ec7<\/h1>\n<\/header>\n<div class=\"entry-content\">\n<p><strong>PH\u00d2NG KINH DOANH B\u1ea4T \u0110\u1ed8NG S\u1ea2N<\/strong><\/p>\n<ul>\n<li><strong>Hotline:<\/strong> <strong>0989 734 734<\/strong><\/li>\n<li><strong>Email: hotline@bdstanlong.vn<\/strong><\/li>\n<\/ul>\n<p>C\u1ea7n h\u1ed7 tr\u1ee3 t\u1eeb ch\u00ednh ch\u1ee7 \u0111\u1ea7u t\u01b0 , h\u00e3y g\u1eedi y\u00eau c\u1ea7u cho ch\u00fang t\u00f4i theo Form th\u00f4ng tin b\u00ean d\u01b0\u1edbi. Ch\u00fang t\u00f4i s\u1ebd ph\u1ea3n h\u1ed3i th\u00f4ng tin cho qu\u00fd kh\u00e1ch h\u00e0ng trong th\u1eddi gian 1 ph\u00fat sau.<\/p>\n<\/div>\n<div class=\"row\"  id=\"row-1371474472\">\n\n\t<div id=\"col-417199004\" class=\"col medium-6 small-12 large-6\"  >\n\t\t\t\t<div class=\"col-inner\"  >\n\t\t\t\n\t\t\t\n<div role=\"form\" class=\"wpcf7\" id=\"wpcf7-f239-o1\" lang=\"vi\" dir=\"ltr\">\n<div class=\"screen-reader-response\"><p role=\"status\" aria-live=\"polite\" aria-atomic=\"true\"><\/p> <ul><\/ul><\/div>\n<form action=\"\/vi\/wp-json\/wp\/v2\/pages\/259#wpcf7-f239-o1\" method=\"post\" class=\"wpcf7-form init\" novalidate=\"novalidate\" data-status=\"init\">\n<div style=\"display: none;\">\n<input type=\"hidden\" name=\"_wpcf7\" value=\"239\" \/>\n<input type=\"hidden\" name=\"_wpcf7_version\" value=\"5.6.4\" \/>\n<input type=\"hidden\" name=\"_wpcf7_locale\" value=\"vi\" \/>\n<input type=\"hidden\" name=\"_wpcf7_unit_tag\" value=\"wpcf7-f239-o1\" \/>\n<input type=\"hidden\" name=\"_wpcf7_container_post\" value=\"0\" \/>\n<input type=\"hidden\" name=\"_wpcf7_posted_data_hash\" value=\"\" \/>\n<\/div>\n<div class=\"form-lien-he\">\n<div class=\"left\">\n<span class=\"wpcf7-form-control-wrap\" data-name=\"your-name\"><input type=\"text\" name=\"your-name\" value=\"\" size=\"40\" class=\"wpcf7-form-control wpcf7-text wpcf7-validates-as-required\" aria-required=\"true\" aria-invalid=\"false\" placeholder=\"H\u1ecd v\u00e0 t\u00ean\" \/><\/span><br \/>\n<span class=\"wpcf7-form-control-wrap\" data-name=\"your-email\"><input type=\"email\" name=\"your-email\" value=\"\" size=\"40\" class=\"wpcf7-form-control wpcf7-text wpcf7-email wpcf7-validates-as-required wpcf7-validates-as-email\" aria-required=\"true\" aria-invalid=\"false\" placeholder=\"\u0110\u1ecba ch\u1ec9 email\" \/><\/span><br \/>\n<span class=\"wpcf7-form-control-wrap\" data-name=\"sdt\"><input type=\"tel\" name=\"sdt\" value=\"\" size=\"40\" class=\"wpcf7-form-control wpcf7-text wpcf7-tel wpcf7-validates-as-tel\" aria-invalid=\"false\" placeholder=\"S\u1ed1 \u0111i\u1ec7n tho\u1ea1i\" \/><\/span><br \/>\n<span class=\"wpcf7-form-control-wrap\" data-name=\"bds-qt\"><select name=\"bds-qt\" class=\"wpcf7-form-control wpcf7-select\" aria-invalid=\"false\"><option value=\"B\u1ea5t \u0111\u1ed9ng s\u1ea3n quan t\u00e2m\">B\u1ea5t \u0111\u1ed9ng s\u1ea3n quan t\u00e2m<\/option><option value=\"C\u0103n h\u1ed9 chung c\u01b0\">C\u0103n h\u1ed9 chung c\u01b0<\/option><option value=\"\u0110\u1ea5t n\u1ec1n d\u1ef1 \u00e1n\">\u0110\u1ea5t n\u1ec1n d\u1ef1 \u00e1n<\/option><option value=\"Bi\u1ec7t th\u1ef1 nh\u00e0 ph\u1ed1\">Bi\u1ec7t th\u1ef1 nh\u00e0 ph\u1ed1<\/option><\/select><\/span>\n<\/div>\n<div class=\"right\">\n<span class=\"wpcf7-form-control-wrap\" data-name=\"your-message\"><textarea name=\"your-message\" cols=\"40\" rows=\"10\" class=\"wpcf7-form-control wpcf7-textarea\" aria-invalid=\"false\" placeholder=\"Vui l\u00f2ng ghi r\u00f5 nhu c\u1ea7u c\u1ee7a b\u1ea1n\"><\/textarea><\/span><br \/>\n<input type=\"submit\" value=\"G\u1eedi li\u00ean h\u1ec7 ngay\" class=\"wpcf7-form-control has-spinner wpcf7-submit\" \/>\n<\/div>\n<\/div>\n<div class=\"wpcf7-response-output\" aria-hidden=\"true\"><\/div><\/form><\/div>\n\t\t<\/div>\n\t\t\t\t\t<\/div>\n\n\t\n\n\t<div id=\"col-2022167584\" class=\"col medium-6 small-12 large-6\"  >\n\t\t\t\t<div class=\"col-inner\"  >\n\t\t\t\n\t\t\t\n<p><iframe src=\"https:\/\/www.google.com\/maps\/embed?pb=!1m14!1m8!1m3!1d14892.92628689754!2d105.8287431!3d21.0634113!3m2!1i1024!2i768!4f13.1!3m3!1m2!1s0x0%3A0x14b72131bbc354ab!2sT%C3%A2n%20Long%20Land!5e0!3m2!1svi!2s!4v1669439578245!5m2!1svi!2s\" width=\"600\" height=\"250\" style=\"border:0;\" allowfullscreen=\"\" loading=\"lazy\" referrerpolicy=\"no-referrer-when-downgrade\"><\/iframe><\/p>\n\t\t<\/div>\n\t\t\t\t\t<\/div>\n\n\t\n<\/div>\n\t\t<\/div>\n\t\t\t\t\t<\/div>\n\n\t\n<\/div>\n\t\t<\/div>\n\n\t\t\n<style>\n#section_197151495 {\n  padding-top: 30px;\n  padding-bottom: 30px;\n}\n<\/style>\n\t<\/section>\n\t\n","protected":false},"excerpt":{"rendered":"","protected":false},"author":5,"featured_media":0,"parent":0,"menu_order":0,"comment_status":"closed","ping_status":"closed","template":"","meta":[],"_links":{"self":[{"href":"https:\/\/vinhomesskylake.bdstanlong.vn\/vi\/wp-json\/wp\/v2\/pages\/259"}],"collection":[{"href":"https:\/\/vinhomesskylake.bdstanlong.vn\/vi\/wp-json\/wp\/v2\/pages"}],"about":[{"href":"https:\/\/vinhomesskylake.bdstanlong.vn\/vi\/wp-json\/wp\/v2\/types\/page"}],"author":[{"embeddable":true,"href":"https:\/\/vinhomesskylake.bdstanlong.vn\/vi\/wp-json\/wp\/v2\/users\/5"}],"replies":[{"embeddable":true,"href":"https:\/\/vinhomesskylake.bdstanlong.vn\/vi\/wp-json\/wp\/v2\/comments?post=259"}],"version-history":[{"count":14,"href":"https:\/\/vinhomesskylake.bdstanlong.vn\/vi\/wp-json\/wp\/v2\/pages\/259\/revisions"}],"predecessor-version":[{"id":4196,"href":"https:\/\/vinhomesskylake.bdstanlong.vn\/vi\/wp-json\/wp\/v2\/pages\/259\/revisions\/4196"}],"wp:attachment":[{"href":"https:\/\/vinhomesskylake.bdstanlong.vn\/vi\/wp-json\/wp\/v2\/media?parent=259"}],"curies":[{"name":"wp","href":"https:\/\/api.w.org\/{rel}","templated":true}]}}